{"id":3,"date":"2022-03-25T14:10:15","date_gmt":"2022-03-25T13:10:15","guid":{"rendered":"https:\/\/www.cornelia-dalessandri.ch.univers.ch-meta.net\/?page_id=3"},"modified":"2023-09-01T08:33:10","modified_gmt":"2023-09-01T06:33:10","slug":"datenschutzerklaerung","status":"publish","type":"page","link":"https:\/\/www.cornelia-dalessandri.ch\/?page_id=3","title":{"rendered":"Datenschutzerkl\u00e4rung"},"content":{"rendered":"\n<h2 class=\"wp-block-heading\">Verantwortlich f\u00fcr die Datenbearbeitung<\/h2>\n\n\n\n<p>Die Verantwortlichkeiten f\u00fcr die auf dem Webauftritt www.cornelia-dalessandri.ch erhobenen und bearbeiteten Daten, gem\u00e4ss Art. 19 des Datenschutzgesetz SR 235.1, liegen bei:<\/p>\n\n\n\n<p>Cornelia D&#8217;Alessandri<br>Buchhaltungen<br>Tsch\u00fcpru 50<br>1736 St. Silvester<\/p>\n\n\n\n<p>Telefon:  079 357 00 58<br>E-Mail:  corneliabuchhaltung@gmail.com<\/p>\n\n\n\n<h2 class=\"wp-block-heading\">Datensicherheit<\/h2>\n\n\n\n<p>Alle Daten\u00fcbertragungen des Webauftritts www.cornelia-dalessandri.ch erfolgen mittels SSL Verschl\u00fcsselung (https) gem\u00e4ss dem aktuellen Stand der technischen M\u00f6glichkeiten. Dies sowohl bei Seitenabfragen wie auch bei der \u00dcbertragung von Formulardaten.<\/p>\n\n\n\n<h2 class=\"wp-block-heading\">Erhobene Daten<\/h2>\n\n\n\n<p>Die auf dem Webauftritt www.cornelia-dalessandri.ch erhobenen Daten sind folgende:<\/p>\n\n\n\n<h3 class=\"wp-block-heading\">a) Datenerfassung \u00fcber das Kontaktformular<\/h3>\n\n\n\n<p>\u00dcber das Kontaktformular werden nachfolgende Daten erfasst, welche erforderlich sind, um die Mitteilung bearbeiten zu k\u00f6nnen.<\/p>\n\n\n\n<ul class=\"wp-block-list\">\n<li>&#8211; Anrede<\/li>\n\n\n\n<li>&#8211; Name und Vorname<\/li>\n\n\n\n<li>&#8211; Strasse und Hausnummer<\/li>\n\n\n\n<li>&#8211; Postleitzahl und Ort<\/li>\n\n\n\n<li>&#8211; Telefon<\/li>\n\n\n\n<li>&#8211; E-Mail Adresse<\/li>\n\n\n\n<li>&#8211; Betreff<\/li>\n\n\n\n<li>&#8211; Mitteilung\/Nachricht<\/li>\n<\/ul>\n\n\n\n<p>Durch Absenden des Kontaktformulars wird aus den eingegebenen Daten eine automatische E-Mail Nachricht generiert und an die Gesch\u00e4ftsleitung Cornelia D&#8217;Alessandri Buchhaltungen gesendet.<\/p>\n\n\n\n<p>Die erhobenen Daten werden nur zum Zweck der weiteren Bearbeitung der Anfrage verwendet. Die vom Besucher gesandten Daten werden nicht gespeichert und nicht Dritten zugespielt. Es finden ebenfalls keine personenbezogenen Auswertungen statt.<\/p>\n\n\n\n<h3 class=\"wp-block-heading\">b) Automatische Erfassung technischer Daten<\/h3>\n\n\n\n<p>Durch das System des Webbetreibers (Webhoster) werden technische Daten erfasst. Die Erfassung dieser Daten erfolgt automatisch und dienen ausschliesslich der \u00dcberwachung der technischen Funktionalit\u00e4t und Verf\u00fcgbarkeit des Webauftritts www.cornelia-dalessandri.ch.<\/p>\n\n\n\n<p>Folgende technische Daten werden erfasst:<\/p>\n\n\n\n<ul class=\"wp-block-list\">\n<li>&#8211; verwendeter Browsertyp\/-version (Internet Explorer)<\/li>\n\n\n\n<li>&#8211; verwendetes Betriebssystem<\/li>\n\n\n\n<li>&#8211; Verweis-URL (die zuvor besuchte Webseite)<\/li>\n\n\n\n<li>&#8211; Hostname und IP Adresse des Rechners des Besuchers<\/li>\n\n\n\n<li>&#8211; Datum und Uhrzeit des Zugriffs (Serveranfrage)<\/li>\n\n\n\n<li>&#8211; Name der aufgerufene Seiten und Dateien<\/li>\n\n\n\n<li>&#8211; die \u00fcbertragene Datenmenge<\/li>\n\n\n\n<li>&#8211; Meldung \u00fcber erfolgreichen Abruf<\/li>\n<\/ul>\n\n\n\n<p>Die erfassten technischen Daten k\u00f6nnen nicht bestimmten Personen zugeordnet werden, und werden vom Webhoster statistisch und anonym ausgewertet, soweit es die technische \u00dcberwachung oder die gesetzlichen Bestimmungen erfordern. Nach der gesetzlichen Aufbewahrungspflicht werden diese Daten<br>automatisch gel\u00f6scht. Diese Daten werden streng vertraulich behandelt, nicht weitergegeben und nicht Dritten zug\u00e4nglich gemacht. Diese Daten sowie alle Daten unserer Website www.cornelia-dalessandri.ch werden bei unserem Webhoster METANET AG, Josefstrasse 218, CH-8005 Z\u00fcrich gespeichert, deren Datenschutzerkl\u00e4rung finden Sie <a href=\"https:\/\/www.metanet.ch\/de\/ueber-metanet\/datenschutzerklaerung\" target=\"_blank\" rel=\"noreferrer noopener\">hier<\/a>.<\/p>\n\n\n\n<h2 class=\"wp-block-heading\">Cookies und Analysedienste<\/h2>\n\n\n\n<p>Der Webauftritt www.cornelia-dalessandri.ch nutzt keine Cookies und keine Analysedienste.<br>Es finden somit keine statistischen Erhebungen, sowie keine benutzer- oder personenbezogenen Analysen statt, welche das Benutzerverhalten auswerten oder beeinflussen k\u00f6nnten.<\/p>\n\n\n\n<h2 class=\"wp-block-heading\">Auskunft, Berichtigung, L\u00f6schung<\/h2>\n\n\n\n<p>Es steht Ihnen das Recht zu, unentgeltlich Auskunft \u00fcber Ihre personenbezogenen Daten zu erhalten, sowie deren Berichtigung, Sperrung oder L\u00f6schung zu verlangen. Diesbez\u00fcgliche Anfragen richten Sie  direkt an die einleitend genannte verantwortliche Adresse.<\/p>\n\n\n\n<p class=\"has-small-font-size\">(Datenschutzerkl\u00e4rung V1 August 2023)<\/p>\n\n\n\n<p> <\/p>\n","protected":false},"excerpt":{"rendered":"<p>Verantwortlich f\u00fcr die Datenbearbeitung Die Verantwortlichkeiten f\u00fcr die auf dem Webauftritt www.cornelia-dalessandri.ch erhobenen und bearbeiteten Daten, gem\u00e4ss Art. 19 des Datenschutzgesetz SR 235.1, liegen bei: Cornelia D&#8217;AlessandriBuchhaltungenTsch\u00fcpru 501736 St. Silvester Telefon: 079 357 00 58E-Mail: corneliabuchhaltung@gmail.com Datensicherheit Alle Daten\u00fcbertragungen des Webauftritts www.cornelia-dalessandri.ch erfolgen mittels SSL Verschl\u00fcsselung (https) gem\u00e4ss dem aktuellen Stand der technischen M\u00f6glichkeiten. Dies [&hellip;]<\/p>\n","protected":false},"author":1,"featured_media":0,"parent":0,"menu_order":98,"comment_status":"closed","ping_status":"open","template":"","meta":{"footnotes":""},"class_list":["post-3","page","type-page","status-publish","hentry"],"_links":{"self":[{"href":"https:\/\/www.cornelia-dalessandri.ch\/index.php?rest_route=\/wp\/v2\/pages\/3","targetHints":{"allow":["GET"]}}],"collection":[{"href":"https:\/\/www.cornelia-dalessandri.ch\/index.php?rest_route=\/wp\/v2\/pages"}],"about":[{"href":"https:\/\/www.cornelia-dalessandri.ch\/index.php?rest_route=\/wp\/v2\/types\/page"}],"author":[{"embeddable":true,"href":"https:\/\/www.cornelia-dalessandri.ch\/index.php?rest_route=\/wp\/v2\/users\/1"}],"replies":[{"embeddable":true,"href":"https:\/\/www.cornelia-dalessandri.ch\/index.php?rest_route=%2Fwp%2Fv2%2Fcomments&post=3"}],"version-history":[{"count":5,"href":"https:\/\/www.cornelia-dalessandri.ch\/index.php?rest_route=\/wp\/v2\/pages\/3\/revisions"}],"predecessor-version":[{"id":122,"href":"https:\/\/www.cornelia-dalessandri.ch\/index.php?rest_route=\/wp\/v2\/pages\/3\/revisions\/122"}],"wp:attachment":[{"href":"https:\/\/www.cornelia-dalessandri.ch\/index.php?rest_route=%2Fwp%2Fv2%2Fmedia&parent=3"}],"curies":[{"name":"wp","href":"https:\/\/api.w.org\/{rel}","templated":true}]}}