{"id":61,"date":"2022-03-26T08:59:55","date_gmt":"2022-03-26T07:59:55","guid":{"rendered":"https:\/\/www.cornelia-dalessandri.ch.univers.ch-meta.net\/?page_id=61"},"modified":"2022-03-26T16:40:18","modified_gmt":"2022-03-26T15:40:18","slug":"kontakt","status":"publish","type":"page","link":"https:\/\/www.cornelia-dalessandri.ch\/?page_id=61","title":{"rendered":"Kontakt"},"content":{"rendered":"\n<div class=\"wp-block-columns is-layout-flex wp-container-core-columns-is-layout-9d6595d7 wp-block-columns-is-layout-flex\">\n<div class=\"wp-block-column is-layout-flow wp-block-column-is-layout-flow\" style=\"flex-basis:33.33%\">\n<p>Gerne erwarte ich ihre Mitteilung  oder Nachricht \u00fcber das Kontaktformular. Sie erhalten raschm\u00f6glichst eine R\u00fcckmeldung von mir.<\/p>\n\n\n\n<p>Vielen Dank f\u00fcr Ihre Kontaktaufnahme.<\/p>\n\n\n\n<div style=\"height:40px\" aria-hidden=\"true\" class=\"wp-block-spacer\"><\/div>\n\n\n\n<div class=\"wp-block-image\"><figure class=\"aligncenter size-full is-resized\"><img loading=\"lazy\" decoding=\"async\" src=\"https:\/\/www.cornelia-dalessandri.ch.univers.ch-meta.net\/wp-content\/uploads\/2022\/03\/logo_e-mail.jpg\" alt=\"\" class=\"wp-image-81\" width=\"138\" height=\"138\" srcset=\"https:\/\/www.cornelia-dalessandri.ch\/wp-content\/uploads\/2022\/03\/logo_e-mail.jpg 900w, https:\/\/www.cornelia-dalessandri.ch\/wp-content\/uploads\/2022\/03\/logo_e-mail-300x300.jpg 300w, https:\/\/www.cornelia-dalessandri.ch\/wp-content\/uploads\/2022\/03\/logo_e-mail-150x150.jpg 150w, https:\/\/www.cornelia-dalessandri.ch\/wp-content\/uploads\/2022\/03\/logo_e-mail-768x768.jpg 768w, https:\/\/www.cornelia-dalessandri.ch\/wp-content\/uploads\/2022\/03\/logo_e-mail-50x50.jpg 50w, https:\/\/www.cornelia-dalessandri.ch\/wp-content\/uploads\/2022\/03\/logo_e-mail-80x80.jpg 80w\" sizes=\"auto, (max-width: 138px) 100vw, 138px\" \/><\/figure><\/div>\n<\/div>\n\n\n\n<div class=\"wp-block-column is-layout-flow wp-block-column-is-layout-flow\" style=\"flex-basis:66.66%\"><div class=\"cf7sg-container\"><div id=\"cf7sg-form-kontaktformular_de\" class=\"cf7-smart-grid has-grid key_kontaktformular_de\">\n<div class=\"wpcf7 no-js\" id=\"wpcf7-f70-o1\" lang=\"de-DE\" dir=\"ltr\" data-wpcf7-id=\"70\">\n<div class=\"screen-reader-response\"><p role=\"status\" aria-live=\"polite\" aria-atomic=\"true\"><\/p> <ul><\/ul><\/div>\n<form action=\"\/index.php?rest_route=%2Fwp%2Fv2%2Fpages%2F61#wpcf7-f70-o1\" method=\"post\" class=\"wpcf7-form init\" aria-label=\"Kontaktformular\" novalidate=\"novalidate\" data-status=\"init\">\n<div style=\"display: none;\">\n<input type=\"hidden\" name=\"_wpcf7\" value=\"70\" \/>\n<input type=\"hidden\" name=\"_wpcf7_version\" value=\"6.0.6\" \/>\n<input type=\"hidden\" name=\"_wpcf7_locale\" value=\"de_DE\" \/>\n<input type=\"hidden\" name=\"_wpcf7_unit_tag\" value=\"wpcf7-f70-o1\" \/>\n<input type=\"hidden\" name=\"_wpcf7_container_post\" value=\"0\" \/>\n<input type=\"hidden\" name=\"_wpcf7_posted_data_hash\" value=\"\" \/>\n<input type=\"hidden\" name=\"_wpcf7_key\" value=\"kontaktformular_de\" \/>\n<input type=\"hidden\" name=\"_cf7sg_toggles\" value=\"\" \/>\n<input type=\"hidden\" name=\"_cf7sg_version\" value=\"4.15.8\" \/>\n<input type=\"hidden\" name=\"_wpnonce\" value=\"1b3c75d7b8\" \/>\n<\/div>\n<div class=\"container\">\n  <div class=\"row\">\n    <div class=\"columns full\">\n      <div class=\"container\">\n        <div class=\"row\">\n          <div class=\"columns two\">\n            <div class=\"field text required\"><label>Anrede<em>*<\/em><\/label><span class=\"wpcf7-form-control-wrap\" data-name=\"v_anrede\"><input size=\"40\" maxlength=\"400\" class=\"wpcf7-form-control wpcf7-text wpcf7-validates-as-required\" aria-required=\"true\" aria-invalid=\"false\" value=\"\" type=\"text\" name=\"v_anrede\" \/><\/span>\n              <p class=\"info-tip\"><\/p>\n            <\/div>\n          <\/div>\n        <\/div>\n      <\/div>\n      <div class=\"container\">\n        <div class=\"row\">\n          <div class=\"columns one-half\">\n            <div class=\"field text required\"><label>Vorname<em>*<\/em><\/label><span class=\"wpcf7-form-control-wrap\" data-name=\"v_vname\"><input size=\"40\" maxlength=\"400\" class=\"wpcf7-form-control wpcf7-text wpcf7-validates-as-required\" aria-required=\"true\" aria-invalid=\"false\" value=\"\" type=\"text\" name=\"v_vname\" \/><\/span>\n              <p class=\"info-tip\"><\/p>\n            <\/div>\n          <\/div>\n          <div class=\"columns one-half\">\n            <div class=\"field text required\"><label>Name<em>*<\/em><\/label><span class=\"wpcf7-form-control-wrap\" data-name=\"v_name\"><input size=\"40\" maxlength=\"400\" class=\"wpcf7-form-control wpcf7-text wpcf7-validates-as-required\" aria-required=\"true\" aria-invalid=\"false\" value=\"\" type=\"text\" name=\"v_name\" \/><\/span>\n              <p class=\"info-tip\"><\/p>\n            <\/div>\n          <\/div>\n        <\/div>\n      <\/div>\n      <div class=\"container\">\n        <div class=\"row\">\n          <div class=\"columns full\">\n            <div class=\"field text required\"><label>Strasse und Hausnummer<em>*<\/em><\/label><span class=\"wpcf7-form-control-wrap\" data-name=\"v_adresse\"><input size=\"40\" maxlength=\"400\" class=\"wpcf7-form-control wpcf7-text wpcf7-validates-as-required\" aria-required=\"true\" aria-invalid=\"false\" value=\"\" type=\"text\" name=\"v_adresse\" \/><\/span>\n              <p class=\"info-tip\"><\/p>\n            <\/div>\n          <\/div>\n        <\/div>\n      <\/div>\n      <div class=\"container\">\n        <div class=\"row\">\n          <div class=\"columns two\">\n            <div class=\"field text required\"><label>Postleitzahl<em>*<\/em><\/label><span class=\"wpcf7-form-control-wrap\" data-name=\"v_plz\"><input size=\"40\" maxlength=\"400\" class=\"wpcf7-form-control wpcf7-text wpcf7-validates-as-required\" aria-required=\"true\" aria-invalid=\"false\" value=\"\" type=\"text\" name=\"v_plz\" \/><\/span>\n              <p class=\"info-tip\"><\/p>\n            <\/div>\n          <\/div>\n          <div class=\"columns ten\">\n            <div class=\"field text required\"><label>Ort<em>*<\/em><\/label><span class=\"wpcf7-form-control-wrap\" data-name=\"v_ort\"><input size=\"40\" maxlength=\"400\" class=\"wpcf7-form-control wpcf7-text wpcf7-validates-as-required\" aria-required=\"true\" aria-invalid=\"false\" value=\"\" type=\"text\" name=\"v_ort\" \/><\/span>\n              <p class=\"info-tip\"><\/p>\n            <\/div>\n          <\/div>\n        <\/div>\n      <\/div>\n      <div class=\"container\">\n        <div class=\"row\">\n          <div class=\"columns full\">\n            <div class=\"field text required\"><label>Telefon<em>*<\/em><\/label><span class=\"wpcf7-form-control-wrap\" data-name=\"v_telefon\"><input size=\"40\" maxlength=\"400\" class=\"wpcf7-form-control wpcf7-text wpcf7-validates-as-required\" aria-required=\"true\" aria-invalid=\"false\" value=\"\" type=\"text\" name=\"v_telefon\" \/><\/span>\n              <p class=\"info-tip\"><\/p>\n            <\/div>\n          <\/div>\n        <\/div>\n      <\/div>\n      <div class=\"container\">\n        <div class=\"row\">\n          <div class=\"columns full\">\n            <div class=\"field email required\"><label>E-Mail Adresse<em>*<\/em><\/label><span class=\"wpcf7-form-control-wrap\" data-name=\"v_email\"><input size=\"40\" maxlength=\"400\" class=\"wpcf7-form-control wpcf7-email wpcf7-validates-as-required wpcf7-text wpcf7-validates-as-email\" aria-required=\"true\" aria-invalid=\"false\" value=\"\" type=\"email\" name=\"v_email\" \/><\/span>\n              <p class=\"info-tip\"><\/p>\n            <\/div>\n          <\/div>\n        <\/div>\n      <\/div>\n      <div class=\"container\">\n        <div class=\"row\">\n          <div class=\"columns full\">\n            <div class=\"field text required\"><label>Betreff<em>*<\/em><\/label><span class=\"wpcf7-form-control-wrap\" data-name=\"v_betreff\"><input size=\"40\" maxlength=\"400\" class=\"wpcf7-form-control wpcf7-text wpcf7-validates-as-required\" aria-required=\"true\" aria-invalid=\"false\" value=\"\" type=\"text\" name=\"v_betreff\" \/><\/span>\n              <p class=\"info-tip\"><\/p>\n            <\/div>\n          <\/div>\n        <\/div>\n      <\/div>\n      <div class=\"container\">\n        <div class=\"row\">\n          <div class=\"columns full\">\n            <div class=\"field textarea required\"><label>Mitteilung\/Nachricht<em>*<\/em><\/label><span class=\"wpcf7-form-control-wrap\" data-name=\"v_nachricht\"><textarea cols=\"40\" rows=\"5\" maxlength=\"2000\" class=\"wpcf7-form-control wpcf7-textarea wpcf7-validates-as-required\" aria-required=\"true\" aria-invalid=\"false\" name=\"v_nachricht\"><\/textarea><\/span>\n              <p class=\"info-tip\"><\/p>\n            <\/div>\n          <\/div>\n        <\/div>\n      <\/div>\n      <div class=\"container\">\n        <div class=\"row\">\n          <div class=\"columns one-half\">\n            <div class=\"field\"><label for=\"\"><\/label><span class=\"wpcf7-form-control-wrap\" data-name=\"check-sec\"><label><span class=\"wpcf7-quiz-label\">Wieviele Stunden hat der Tag? (Sicherheitsfrage)<\/span> <input size=\"40\" class=\"wpcf7-form-control wpcf7-quiz\" autocomplete=\"off\" aria-required=\"true\" aria-invalid=\"false\" type=\"text\" name=\"check-sec\" \/><\/label><input type=\"hidden\" name=\"_wpcf7_quiz_answer_check-sec\" value=\"e24a3717f3bea07497ebfaea21106ece\" \/><\/span>\n              <p class=\"info-tip\"><\/p>\n            <\/div>\n          <\/div>\n        <\/div>\n      <\/div>\n      <div class=\"container\">\n        <div class=\"row\">\n          <div class=\"columns two\">\n            <div class=\"field\"><label><\/label><input class=\"wpcf7-form-control wpcf7-submit has-spinner\" type=\"submit\" value=\"Senden\" \/>\n              <p class=\"info-tip\"><\/p>\n            <\/div>\n          <\/div>\n        <\/div>\n      <\/div>\n    <\/div>\n  <\/div>\n<\/div><div class=\"wpcf7-response-output\" aria-hidden=\"true\"><\/div>\n<\/form>\n<\/div>\n<\/div><\/div>\n<\/div>\n<\/div>\n\n\n\n<p><\/p>\n","protected":false},"excerpt":{"rendered":"<p>Gerne erwarte ich ihre Mitteilung oder Nachricht \u00fcber das Kontaktformular. Sie erhalten raschm\u00f6glichst eine R\u00fcckmeldung von mir. Vielen Dank f\u00fcr Ihre Kontaktaufnahme.<\/p>\n","protected":false},"author":1,"featured_media":0,"parent":0,"menu_order":80,"comment_status":"closed","ping_status":"closed","template":"","meta":{"footnotes":""},"class_list":["post-61","page","type-page","status-publish","hentry"],"_links":{"self":[{"href":"https:\/\/www.cornelia-dalessandri.ch\/index.php?rest_route=\/wp\/v2\/pages\/61","targetHints":{"allow":["GET"]}}],"collection":[{"href":"https:\/\/www.cornelia-dalessandri.ch\/index.php?rest_route=\/wp\/v2\/pages"}],"about":[{"href":"https:\/\/www.cornelia-dalessandri.ch\/index.php?rest_route=\/wp\/v2\/types\/page"}],"author":[{"embeddable":true,"href":"https:\/\/www.cornelia-dalessandri.ch\/index.php?rest_route=\/wp\/v2\/users\/1"}],"replies":[{"embeddable":true,"href":"https:\/\/www.cornelia-dalessandri.ch\/index.php?rest_route=%2Fwp%2Fv2%2Fcomments&post=61"}],"version-history":[{"count":7,"href":"https:\/\/www.cornelia-dalessandri.ch\/index.php?rest_route=\/wp\/v2\/pages\/61\/revisions"}],"predecessor-version":[{"id":82,"href":"https:\/\/www.cornelia-dalessandri.ch\/index.php?rest_route=\/wp\/v2\/pages\/61\/revisions\/82"}],"wp:attachment":[{"href":"https:\/\/www.cornelia-dalessandri.ch\/index.php?rest_route=%2Fwp%2Fv2%2Fmedia&parent=61"}],"curies":[{"name":"wp","href":"https:\/\/api.w.org\/{rel}","templated":true}]}}